{"id":393,"date":"2022-10-19T13:58:34","date_gmt":"2022-10-19T13:58:34","guid":{"rendered":"https:\/\/demo.athemes.com\/botiga-beauty-el\/?page_id=393"},"modified":"2025-10-25T15:08:56","modified_gmt":"2025-10-25T13:08:56","slug":"contact","status":"publish","type":"page","link":"https:\/\/exphairlegend.fr\/?page_id=393","title":{"rendered":"Contact"},"content":{"rendered":"<style>.elementor-393 .elementor-element.elementor-element-c275639{padding:90px 0px 30px 0px;}.elementor-widget-heading .elementor-heading-title{font-family:var( --e-global-typography-primary-font-family ), Sans-serif;font-weight:var( --e-global-typography-primary-font-weight );color:var( --e-global-color-primary );}.elementor-393 .elementor-element.elementor-element-55a89d3{text-align:center;}.elementor-393 .elementor-element.elementor-element-55a89d3 .elementor-heading-title{font-family:\"Inter\", Sans-serif;font-size:64px;font-weight:400;color:#212121;}.elementor-393 .elementor-element.elementor-element-6c09bab{margin-top:0px;margin-bottom:30px;}.elementor-393 .elementor-element.elementor-element-fd0eb9d iframe{height:474px;}.elementor-393 .elementor-element.elementor-element-622e931 .elementor-heading-title{font-family:\"Inter\", Sans-serif;font-size:32px;font-weight:400;color:#212121;}.elementor-393 .elementor-element.elementor-element-449cc41 .elementor-heading-title{font-family:\"Inter\", Sans-serif;font-size:32px;font-weight:400;color:#212121;}.elementor-widget-text-editor{font-family:var( --e-global-typography-text-font-family ), Sans-serif;font-weight:var( --e-global-typography-text-font-weight );color:var( --e-global-color-text );}.elementor-widget-text-editor.elementor-drop-cap-view-stacked .elementor-drop-cap{background-color:var( --e-global-color-primary );}.elementor-widget-text-editor.elementor-drop-cap-view-framed .elementor-drop-cap, .elementor-widget-text-editor.elementor-drop-cap-view-default .elementor-drop-cap{color:var( --e-global-color-primary );border-color:var( --e-global-color-primary );}.elementor-393 .elementor-element.elementor-element-87e82a1{columns:2;column-gap:3px;font-family:\"Inter\", Sans-serif;font-weight:400;}.elementor-393 .elementor-element.elementor-element-87e82a1 p{margin-block-end:2px;}.elementor-393 .elementor-element.elementor-element-cbfd614 .elementor-heading-title{font-family:\"Inter\", Sans-serif;font-size:32px;font-weight:400;color:#212121;}.elementor-393 .elementor-element.elementor-element-769cb96{columns:2;column-gap:10px;font-family:\"Inter\", Sans-serif;font-weight:400;}.elementor-393 .elementor-element.elementor-element-769cb96 p{margin-block-end:2px;}.elementor-393 .elementor-element.elementor-element-de863e8{--spacer-size:90px;}@media(min-width:768px){.elementor-393 .elementor-element.elementor-element-d2566ee{width:58%;}.elementor-393 .elementor-element.elementor-element-dfa68f3{width:42%;}}@media(max-width:1024px){.elementor-393 .elementor-element.elementor-element-fd0eb9d iframe{height:315px;}}@media(max-width:767px){.elementor-393 .elementor-element.elementor-element-c275639{padding:030px 0px 020px 0px;}.elementor-393 .elementor-element.elementor-element-55a89d3 .elementor-heading-title{font-size:49px;}.elementor-393 .elementor-element.elementor-element-fd0eb9d iframe{height:199px;}.elementor-393 .elementor-element.elementor-element-87e82a1{column-gap:52px;}.elementor-393 .elementor-element.elementor-element-87e82a1 p{margin-block-end:1px;}.elementor-393 .elementor-element.elementor-element-769cb96 p{margin-block-end:0px;}}<\/style>\t\t<div data-elementor-type=\"wp-page\" data-elementor-id=\"393\" class=\"elementor elementor-393\" data-elementor-post-type=\"page\">\n\t\t\t\t\t\t<section class=\"elementor-section elementor-top-section elementor-element elementor-element-c275639 elementor-section-boxed elementor-section-height-default elementor-section-height-default\" data-id=\"c275639\" data-element_type=\"section\">\n\t\t\t\t\t\t<div class=\"elementor-container elementor-column-gap-default\">\n\t\t\t\t\t<div class=\"elementor-column elementor-col-100 elementor-top-column elementor-element elementor-element-0d095d2\" data-id=\"0d095d2\" data-element_type=\"column\">\n\t\t\t<div class=\"elementor-widget-wrap elementor-element-populated\">\n\t\t\t\t\t\t<div class=\"elementor-element elementor-element-55a89d3 elementor-invisible elementor-widget elementor-widget-heading\" data-id=\"55a89d3\" data-element_type=\"widget\" data-settings=\"{&quot;_animation&quot;:&quot;fadeInUpShorter&quot;,&quot;_animation_delay&quot;:200}\" data-widget_type=\"heading.default\">\n\t\t\t\t\t<h2 class=\"elementor-heading-title elementor-size-default\">Contact<\/h2>\t\t\t\t<\/div>\n\t\t\t\t\t<\/div>\n\t\t<\/div>\n\t\t\t\t\t<\/div>\n\t\t<\/section>\n\t\t\t\t<section class=\"elementor-section elementor-top-section elementor-element elementor-element-6c09bab elementor-section-boxed elementor-section-height-default elementor-section-height-default elementor-invisible\" data-id=\"6c09bab\" data-element_type=\"section\" data-settings=\"{&quot;animation&quot;:&quot;fadeInUpShorter&quot;,&quot;animation_delay&quot;:400}\">\n\t\t\t\t\t\t<div class=\"elementor-container elementor-column-gap-default\">\n\t\t\t\t\t<div class=\"elementor-column elementor-col-100 elementor-top-column elementor-element elementor-element-801eab6\" data-id=\"801eab6\" data-element_type=\"column\">\n\t\t\t<div class=\"elementor-widget-wrap elementor-element-populated\">\n\t\t\t\t\t\t<div class=\"elementor-element elementor-element-fd0eb9d elementor-widget elementor-widget-google_maps\" data-id=\"fd0eb9d\" data-element_type=\"widget\" data-widget_type=\"google_maps.default\">\n\t\t\t\t\t\t\t<div class=\"elementor-custom-embed\">\n\t\t\t<iframe loading=\"lazy\"\n\t\t\t\t\tsrc=\"https:\/\/maps.google.com\/maps?q=79%20bd%20edouard%20daladier%2084100%20Orange&#038;t=m&#038;z=10&#038;output=embed&#038;iwloc=near\"\n\t\t\t\t\ttitle=\"79 bd edouard daladier 84100 Orange\"\n\t\t\t\t\taria-label=\"79 bd edouard daladier 84100 Orange\"\n\t\t\t><\/iframe>\n\t\t<\/div>\n\t\t\t\t\t\t<\/div>\n\t\t\t\t\t<\/div>\n\t\t<\/div>\n\t\t\t\t\t<\/div>\n\t\t<\/section>\n\t\t\t\t<section class=\"elementor-section elementor-top-section elementor-element elementor-element-963138c elementor-section-boxed elementor-section-height-default elementor-section-height-default elementor-invisible\" data-id=\"963138c\" data-element_type=\"section\" data-settings=\"{&quot;animation&quot;:&quot;fadeInUpShorter&quot;,&quot;animation_delay&quot;:600}\">\n\t\t\t\t\t\t<div class=\"elementor-container elementor-column-gap-default\">\n\t\t\t\t\t<div class=\"elementor-column elementor-col-50 elementor-top-column elementor-element elementor-element-d2566ee\" data-id=\"d2566ee\" data-element_type=\"column\">\n\t\t\t<div class=\"elementor-widget-wrap elementor-element-populated\">\n\t\t\t\t\t\t<div class=\"elementor-element elementor-element-622e931 elementor-widget elementor-widget-heading\" data-id=\"622e931\" data-element_type=\"widget\" data-widget_type=\"heading.default\">\n\t\t\t\t\t<h2 class=\"elementor-heading-title elementor-size-default\">Laisse nous un message<\/h2>\t\t\t\t<\/div>\n\t\t\t\t<div class=\"elementor-element elementor-element-596537d elementor-widget elementor-widget-wpforms\" data-id=\"596537d\" data-element_type=\"widget\" data-widget_type=\"wpforms.default\">\n\t\t\t\t<div class=\"elementor-widget-container\">\n\t\t\t\t\t<div class=\"wpforms-container wpforms-container-full\" id=\"wpforms-438\"><form id=\"wpforms-form-438\" class=\"wpforms-validate wpforms-form wpforms-ajax-form\" data-formid=\"438\" method=\"post\" enctype=\"multipart\/form-data\" action=\"\/index.php?rest_route=%2Fwp%2Fv2%2Fpages%2F393\" data-token=\"837509480bff234d7ac9b4ba5a9bb925\" data-token-time=\"1779018236\"><noscript class=\"wpforms-error-noscript\">Please enable JavaScript in your browser to complete this form.<\/noscript><div class=\"wpforms-field-container\"><div id=\"wpforms-438-field_0-container\" class=\"wpforms-field wpforms-field-name wpforms-one-half wpforms-first\" data-field-id=\"0\"><label class=\"wpforms-field-label\" for=\"wpforms-438-field_0\">Nom <span class=\"wpforms-required-label\">*<\/span><\/label><input type=\"text\" id=\"wpforms-438-field_0\" class=\"wpforms-field-large wpforms-field-required\" name=\"wpforms[fields][0]\" required><\/div><div id=\"wpforms-438-field_1-container\" class=\"wpforms-field wpforms-field-email wpforms-one-half\" data-field-id=\"1\"><label class=\"wpforms-field-label\" for=\"wpforms-438-field_1\">Email <span class=\"wpforms-required-label\">*<\/span><\/label><input type=\"email\" id=\"wpforms-438-field_1\" class=\"wpforms-field-large wpforms-field-required\" name=\"wpforms[fields][1]\" spellcheck=\"false\" required><\/div><div id=\"wpforms-438-field_2-container\" class=\"wpforms-field wpforms-field-textarea\" data-field-id=\"2\"><label class=\"wpforms-field-label\" for=\"wpforms-438-field_2\">Commentaire ou Message <span class=\"wpforms-required-label\">*<\/span><\/label><textarea id=\"wpforms-438-field_2\" class=\"wpforms-field-large wpforms-field-required\" name=\"wpforms[fields][2]\" required><\/textarea><\/div><\/div><!-- .wpforms-field-container --><div class=\"wpforms-submit-container\" ><input type=\"hidden\" name=\"wpforms[id]\" value=\"438\"><input type=\"hidden\" name=\"page_title\" value=\"\"><input type=\"hidden\" name=\"page_url\" value=\"https:\/\/exphairlegend.fr\/index.php?rest_route=\/wp\/v2\/pages\/393\"><input type=\"hidden\" name=\"url_referer\" value=\"\"><button type=\"submit\" name=\"wpforms[submit]\" id=\"wpforms-submit-438\" class=\"wpforms-submit\" data-alt-text=\"Envoi en cours\u2026\" data-submit-text=\"Envoyer\" aria-live=\"assertive\" value=\"wpforms-submit\">Envoyer<\/button><img decoding=\"async\" src=\"https:\/\/exphairlegend.fr\/wp-content\/plugins\/wpforms-lite\/assets\/images\/submit-spin.svg\" class=\"wpforms-submit-spinner\" style=\"display: none;\" width=\"26\" height=\"26\" alt=\"Loading\"><\/div><\/form><\/div>  <!-- .wpforms-container -->\t\t\t\t<\/div>\n\t\t\t\t<\/div>\n\t\t\t\t\t<\/div>\n\t\t<\/div>\n\t\t\t\t<div class=\"elementor-column elementor-col-50 elementor-top-column elementor-element elementor-element-dfa68f3\" data-id=\"dfa68f3\" data-element_type=\"column\">\n\t\t\t<div class=\"elementor-widget-wrap elementor-element-populated\">\n\t\t\t\t\t\t<div class=\"elementor-element elementor-element-449cc41 elementor-widget elementor-widget-heading\" data-id=\"449cc41\" data-element_type=\"widget\" data-widget_type=\"heading.default\">\n\t\t\t\t\t<h2 class=\"elementor-heading-title elementor-size-default\">Nos Salons<\/h2>\t\t\t\t<\/div>\n\t\t\t\t<div class=\"elementor-element elementor-element-87e82a1 elementor-widget elementor-widget-text-editor\" data-id=\"87e82a1\" data-element_type=\"widget\" data-widget_type=\"text-editor.default\">\n\t\t\t\t\t\t\t\t\t<p style=\"box-sizing: inherit; color: #212121; font-family: Inter, sans-serif;\">79 Bd Edouard Daladier, 84100 Orange<\/p><p style=\"box-sizing: inherit; color: #212121; font-family: Inter, sans-serif;\">T\u00e9l\u00e9phone:<br \/>06 62 74 19 22<\/p><p style=\"box-sizing: inherit; color: #212121; font-family: Inter, sans-serif;\">E-mail:<\/p><p style=\"box-sizing: inherit; color: #212121; font-family: Inter, sans-serif;\"><span style=\"font-weight: var( --e-global-typography-text-font-weight ); letter-spacing: 0px;\">contact@exphairlegend.fr<\/span><\/p><p style=\"box-sizing: inherit; color: #212121; font-family: Inter, sans-serif;\">39 Rue Edgar Quinet,\u00a0 \u00a013600 La Ciotat<\/p><p style=\"box-sizing: inherit; color: #212121; font-family: Inter, sans-serif;\">T\u00e9l\u00e9phone:<br \/>09 51 21 49 60<\/p><p style=\"box-sizing: inherit; color: #212121; font-family: Inter, sans-serif;\">\u00a0<\/p>\t\t\t\t\t\t\t\t<\/div>\n\t\t\t\t<div class=\"elementor-element elementor-element-cbfd614 elementor-widget elementor-widget-heading\" data-id=\"cbfd614\" data-element_type=\"widget\" data-widget_type=\"heading.default\">\n\t\t\t\t\t<h2 class=\"elementor-heading-title elementor-size-default\">Horaires<\/h2>\t\t\t\t<\/div>\n\t\t\t\t<div class=\"elementor-element elementor-element-769cb96 elementor-widget elementor-widget-text-editor\" data-id=\"769cb96\" data-element_type=\"widget\" data-widget_type=\"text-editor.default\">\n\t\t\t\t\t\t\t\t\t<p style=\"box-sizing: inherit; color: #212121; font-family: Inter, sans-serif;\">Lundi \u2013 Samedi\u00a0 :\u00a0 \u00a0 \u00a0 9h30\u201318h30\u00a0 \u00a0 \u00a0 \u00a0 \u00a0 \u00a0 \u00a0 \u00a0 \u00a0 \u00a0 \u00a0 \u00a0<\/p><p style=\"box-sizing: inherit; color: #212121; font-family: Inter, sans-serif;\"><span style=\"letter-spacing: 0px;\">Dimanche :\u00a0 9h30\u201312h30<\/span><\/p><p style=\"box-sizing: inherit; color: #212121; font-family: Inter, sans-serif;\"><span style=\"letter-spacing: 0px;\">Lundi : 9h\u201317h<\/span><\/p><p style=\"box-sizing: inherit; color: #212121; font-family: Inter, sans-serif;\"><span style=\"letter-spacing: 0px;\">Mardi &#8211; Samedi : 9h\u201319h<\/span><\/p><p style=\"box-sizing: inherit; color: #212121; font-family: Inter, sans-serif;\"><span style=\"letter-spacing: 0px;\">Dimanche : Ferm\u00e9<\/span><\/p>\t\t\t\t\t\t\t\t<\/div>\n\t\t\t\t\t<\/div>\n\t\t<\/div>\n\t\t\t\t\t<\/div>\n\t\t<\/section>\n\t\t\t\t<section class=\"elementor-section elementor-top-section elementor-element elementor-element-d502af4 elementor-section-boxed elementor-section-height-default elementor-section-height-default\" data-id=\"d502af4\" data-element_type=\"section\">\n\t\t\t\t\t\t<div class=\"elementor-container elementor-column-gap-default\">\n\t\t\t\t\t<div class=\"elementor-column elementor-col-100 elementor-top-column elementor-element elementor-element-4bef3e5\" data-id=\"4bef3e5\" data-element_type=\"column\">\n\t\t\t<div class=\"elementor-widget-wrap elementor-element-populated\">\n\t\t\t\t\t\t<div class=\"elementor-element elementor-element-de863e8 elementor-widget elementor-widget-spacer\" data-id=\"de863e8\" data-element_type=\"widget\" data-widget_type=\"spacer.default\">\n\t\t\t\t\t\t\t<div class=\"elementor-spacer\">\n\t\t\t<div class=\"elementor-spacer-inner\"><\/div>\n\t\t<\/div>\n\t\t\t\t\t\t<\/div>\n\t\t\t\t\t<\/div>\n\t\t<\/div>\n\t\t\t\t\t<\/div>\n\t\t<\/section>\n\t\t\t\t<\/div>\n\t\t","protected":false},"excerpt":{"rendered":"<p>Contact Laisse nous un message Veuillez activer JavaScript dans votre navigateur pour remplir ce formulaire.Nom *Email *Commentaire ou Message * Envoyer Nos Salons 79 Bd Edouard Daladier, 84100 Orange T\u00e9l\u00e9phone:06 [&hellip;]<\/p>\n","protected":false},"author":1,"featured_media":0,"parent":0,"menu_order":0,"comment_status":"closed","ping_status":"closed","template":"elementor_header_footer","meta":{"footnotes":""},"class_list":["post-393","page","type-page","status-publish","hentry"],"yoast_head":"<!-- This site is optimized with the Yoast SEO plugin v26.1.1 - https:\/\/yoast.com\/wordpress\/plugins\/seo\/ -->\n<title>Contact - Exphair Legend<\/title>\n<meta name=\"robots\" content=\"index, follow, max-snippet:-1, max-image-preview:large, max-video-preview:-1\" \/>\n<link rel=\"canonical\" href=\"https:\/\/exphairlegend.fr\/?page_id=393\" \/>\n<meta property=\"og:locale\" content=\"en_US\" \/>\n<meta property=\"og:type\" content=\"article\" \/>\n<meta property=\"og:title\" content=\"Contact - Exphair Legend\" \/>\n<meta property=\"og:description\" content=\"Contact Laisse nous un message Veuillez activer JavaScript dans votre navigateur pour remplir ce formulaire.Nom *Email *Commentaire ou Message * Envoyer Nos Salons 79 Bd Edouard Daladier, 84100 Orange T\u00e9l\u00e9phone:06 [&hellip;]\" \/>\n<meta property=\"og:url\" content=\"https:\/\/exphairlegend.fr\/?page_id=393\" \/>\n<meta property=\"og:site_name\" content=\"Exphair Legend\" \/>\n<meta property=\"article:modified_time\" content=\"2025-10-25T13:08:56+00:00\" \/>\n<meta property=\"og:image\" content=\"https:\/\/exphairlegend.fr\/wp-content\/plugins\/wpforms-lite\/assets\/images\/submit-spin.svg\" \/>\n<meta name=\"twitter:card\" content=\"summary_large_image\" \/>\n<script type=\"application\/ld+json\" class=\"yoast-schema-graph\">{\"@context\":\"https:\/\/schema.org\",\"@graph\":[{\"@type\":\"WebPage\",\"@id\":\"https:\/\/exphairlegend.fr\/?page_id=393\",\"url\":\"https:\/\/exphairlegend.fr\/?page_id=393\",\"name\":\"Contact - Exphair Legend\",\"isPartOf\":{\"@id\":\"https:\/\/exphairlegend.fr\/#website\"},\"primaryImageOfPage\":{\"@id\":\"https:\/\/exphairlegend.fr\/?page_id=393#primaryimage\"},\"image\":{\"@id\":\"https:\/\/exphairlegend.fr\/?page_id=393#primaryimage\"},\"thumbnailUrl\":\"https:\/\/exphairlegend.fr\/wp-content\/plugins\/wpforms-lite\/assets\/images\/submit-spin.svg\",\"datePublished\":\"2022-10-19T13:58:34+00:00\",\"dateModified\":\"2025-10-25T13:08:56+00:00\",\"breadcrumb\":{\"@id\":\"https:\/\/exphairlegend.fr\/?page_id=393#breadcrumb\"},\"inLanguage\":\"en-US\",\"potentialAction\":[{\"@type\":\"ReadAction\",\"target\":[\"https:\/\/exphairlegend.fr\/?page_id=393\"]}]},{\"@type\":\"ImageObject\",\"inLanguage\":\"en-US\",\"@id\":\"https:\/\/exphairlegend.fr\/?page_id=393#primaryimage\",\"url\":\"https:\/\/exphairlegend.fr\/wp-content\/plugins\/wpforms-lite\/assets\/images\/submit-spin.svg\",\"contentUrl\":\"https:\/\/exphairlegend.fr\/wp-content\/plugins\/wpforms-lite\/assets\/images\/submit-spin.svg\"},{\"@type\":\"BreadcrumbList\",\"@id\":\"https:\/\/exphairlegend.fr\/?page_id=393#breadcrumb\",\"itemListElement\":[{\"@type\":\"ListItem\",\"position\":1,\"name\":\"Home\",\"item\":\"https:\/\/exphairlegend.fr\/\"},{\"@type\":\"ListItem\",\"position\":2,\"name\":\"Contact\"}]},{\"@type\":\"WebSite\",\"@id\":\"https:\/\/exphairlegend.fr\/#website\",\"url\":\"https:\/\/exphairlegend.fr\/\",\"name\":\"Exphair Legend\",\"description\":\"Chez Exphair Legend, nous red\u00e9finissons l\u2019exp\u00e9rience masculine. Situ\u00e9 \u00e0 Orange et La Ciotat, notre barbershop haut de gamme vous offre des coupes de cheveux et tailles de barbe sur mesure, r\u00e9alis\u00e9es par des barbiers experts qui ma\u00eetrisent parfaitement chaque d\u00e9tail.  D\u00e9couvrez notre marque de cosm\u00e9tiques pour hommes, Elegance, pens\u00e9e pour sublimer votre peau et votre barbe avec des produits de qualit\u00e9 professionnelle. Compl\u00e9tez votre style avec notre collection Lifestyle de v\u00eatements pour hommes, alliant modernit\u00e9, confort et \u00e9l\u00e9gance.  Que vous souhaitiez un look tendance, des soins de barbe pr\u00e9cis ou des produits cosm\u00e9tiques haut de gamme, Exphair Legend est votre r\u00e9f\u00e9rence. Prenez rendez-vous d\u00e8s aujourd\u2019hui ou explorez nos produits Elegance et Lifestyle pour un style masculin affirm\u00e9 et unique.\",\"publisher\":{\"@id\":\"https:\/\/exphairlegend.fr\/#organization\"},\"potentialAction\":[{\"@type\":\"SearchAction\",\"target\":{\"@type\":\"EntryPoint\",\"urlTemplate\":\"https:\/\/exphairlegend.fr\/?s={search_term_string}\"},\"query-input\":{\"@type\":\"PropertyValueSpecification\",\"valueRequired\":true,\"valueName\":\"search_term_string\"}}],\"inLanguage\":\"en-US\"},{\"@type\":\"Organization\",\"@id\":\"https:\/\/exphairlegend.fr\/#organization\",\"name\":\"Exphair Legend\",\"url\":\"https:\/\/exphairlegend.fr\/\",\"logo\":{\"@type\":\"ImageObject\",\"inLanguage\":\"en-US\",\"@id\":\"https:\/\/exphairlegend.fr\/#\/schema\/logo\/image\/\",\"url\":\"https:\/\/exphairlegend.fr\/wp-content\/uploads\/2022\/10\/ChatGPT-Image-14-oct.-2025-a-10_14_00.png\",\"contentUrl\":\"https:\/\/exphairlegend.fr\/wp-content\/uploads\/2022\/10\/ChatGPT-Image-14-oct.-2025-a-10_14_00.png\",\"width\":1024,\"height\":1024,\"caption\":\"Exphair Legend\"},\"image\":{\"@id\":\"https:\/\/exphairlegend.fr\/#\/schema\/logo\/image\/\"}}]}<\/script>\n<!-- \/ Yoast SEO plugin. -->","yoast_head_json":{"title":"Contact - Exphair Legend","robots":{"index":"index","follow":"follow","max-snippet":"max-snippet:-1","max-image-preview":"max-image-preview:large","max-video-preview":"max-video-preview:-1"},"canonical":"https:\/\/exphairlegend.fr\/?page_id=393","og_locale":"en_US","og_type":"article","og_title":"Contact - Exphair Legend","og_description":"Contact Laisse nous un message Veuillez activer JavaScript dans votre navigateur pour remplir ce formulaire.Nom *Email *Commentaire ou Message * Envoyer Nos Salons 79 Bd Edouard Daladier, 84100 Orange T\u00e9l\u00e9phone:06 [&hellip;]","og_url":"https:\/\/exphairlegend.fr\/?page_id=393","og_site_name":"Exphair Legend","article_modified_time":"2025-10-25T13:08:56+00:00","og_image":[{"url":"https:\/\/exphairlegend.fr\/wp-content\/plugins\/wpforms-lite\/assets\/images\/submit-spin.svg","type":"","width":"","height":""}],"twitter_card":"summary_large_image","schema":{"@context":"https:\/\/schema.org","@graph":[{"@type":"WebPage","@id":"https:\/\/exphairlegend.fr\/?page_id=393","url":"https:\/\/exphairlegend.fr\/?page_id=393","name":"Contact - Exphair Legend","isPartOf":{"@id":"https:\/\/exphairlegend.fr\/#website"},"primaryImageOfPage":{"@id":"https:\/\/exphairlegend.fr\/?page_id=393#primaryimage"},"image":{"@id":"https:\/\/exphairlegend.fr\/?page_id=393#primaryimage"},"thumbnailUrl":"https:\/\/exphairlegend.fr\/wp-content\/plugins\/wpforms-lite\/assets\/images\/submit-spin.svg","datePublished":"2022-10-19T13:58:34+00:00","dateModified":"2025-10-25T13:08:56+00:00","breadcrumb":{"@id":"https:\/\/exphairlegend.fr\/?page_id=393#breadcrumb"},"inLanguage":"en-US","potentialAction":[{"@type":"ReadAction","target":["https:\/\/exphairlegend.fr\/?page_id=393"]}]},{"@type":"ImageObject","inLanguage":"en-US","@id":"https:\/\/exphairlegend.fr\/?page_id=393#primaryimage","url":"https:\/\/exphairlegend.fr\/wp-content\/plugins\/wpforms-lite\/assets\/images\/submit-spin.svg","contentUrl":"https:\/\/exphairlegend.fr\/wp-content\/plugins\/wpforms-lite\/assets\/images\/submit-spin.svg"},{"@type":"BreadcrumbList","@id":"https:\/\/exphairlegend.fr\/?page_id=393#breadcrumb","itemListElement":[{"@type":"ListItem","position":1,"name":"Home","item":"https:\/\/exphairlegend.fr\/"},{"@type":"ListItem","position":2,"name":"Contact"}]},{"@type":"WebSite","@id":"https:\/\/exphairlegend.fr\/#website","url":"https:\/\/exphairlegend.fr\/","name":"Exphair Legend","description":"Chez Exphair Legend, nous red\u00e9finissons l\u2019exp\u00e9rience masculine. Situ\u00e9 \u00e0 Orange et La Ciotat, notre barbershop haut de gamme vous offre des coupes de cheveux et tailles de barbe sur mesure, r\u00e9alis\u00e9es par des barbiers experts qui ma\u00eetrisent parfaitement chaque d\u00e9tail.  D\u00e9couvrez notre marque de cosm\u00e9tiques pour hommes, Elegance, pens\u00e9e pour sublimer votre peau et votre barbe avec des produits de qualit\u00e9 professionnelle. Compl\u00e9tez votre style avec notre collection Lifestyle de v\u00eatements pour hommes, alliant modernit\u00e9, confort et \u00e9l\u00e9gance.  Que vous souhaitiez un look tendance, des soins de barbe pr\u00e9cis ou des produits cosm\u00e9tiques haut de gamme, Exphair Legend est votre r\u00e9f\u00e9rence. Prenez rendez-vous d\u00e8s aujourd\u2019hui ou explorez nos produits Elegance et Lifestyle pour un style masculin affirm\u00e9 et unique.","publisher":{"@id":"https:\/\/exphairlegend.fr\/#organization"},"potentialAction":[{"@type":"SearchAction","target":{"@type":"EntryPoint","urlTemplate":"https:\/\/exphairlegend.fr\/?s={search_term_string}"},"query-input":{"@type":"PropertyValueSpecification","valueRequired":true,"valueName":"search_term_string"}}],"inLanguage":"en-US"},{"@type":"Organization","@id":"https:\/\/exphairlegend.fr\/#organization","name":"Exphair Legend","url":"https:\/\/exphairlegend.fr\/","logo":{"@type":"ImageObject","inLanguage":"en-US","@id":"https:\/\/exphairlegend.fr\/#\/schema\/logo\/image\/","url":"https:\/\/exphairlegend.fr\/wp-content\/uploads\/2022\/10\/ChatGPT-Image-14-oct.-2025-a-10_14_00.png","contentUrl":"https:\/\/exphairlegend.fr\/wp-content\/uploads\/2022\/10\/ChatGPT-Image-14-oct.-2025-a-10_14_00.png","width":1024,"height":1024,"caption":"Exphair Legend"},"image":{"@id":"https:\/\/exphairlegend.fr\/#\/schema\/logo\/image\/"}}]}},"jetpack_sharing_enabled":true,"_links":{"self":[{"href":"https:\/\/exphairlegend.fr\/index.php?rest_route=\/wp\/v2\/pages\/393","targetHints":{"allow":["GET"]}}],"collection":[{"href":"https:\/\/exphairlegend.fr\/index.php?rest_route=\/wp\/v2\/pages"}],"about":[{"href":"https:\/\/exphairlegend.fr\/index.php?rest_route=\/wp\/v2\/types\/page"}],"author":[{"embeddable":true,"href":"https:\/\/exphairlegend.fr\/index.php?rest_route=\/wp\/v2\/users\/1"}],"replies":[{"embeddable":true,"href":"https:\/\/exphairlegend.fr\/index.php?rest_route=%2Fwp%2Fv2%2Fcomments&post=393"}],"version-history":[{"count":7,"href":"https:\/\/exphairlegend.fr\/index.php?rest_route=\/wp\/v2\/pages\/393\/revisions"}],"predecessor-version":[{"id":850,"href":"https:\/\/exphairlegend.fr\/index.php?rest_route=\/wp\/v2\/pages\/393\/revisions\/850"}],"wp:attachment":[{"href":"https:\/\/exphairlegend.fr\/index.php?rest_route=%2Fwp%2Fv2%2Fmedia&parent=393"}],"curies":[{"name":"wp","href":"https:\/\/api.w.org\/{rel}","templated":true}]}}