{"id":11,"date":"2022-10-19T13:28:38","date_gmt":"2022-10-19T13:28:38","guid":{"rendered":"https:\/\/demo.athemes.com\/botiga-beauty-el\/my-account\/"},"modified":"2025-10-25T15:08:21","modified_gmt":"2025-10-25T13:08:21","slug":"mon-compte","status":"publish","type":"page","link":"https:\/\/exphairlegend.fr\/?page_id=11","title":{"rendered":"Mon Compte"},"content":{"rendered":"\n<p><\/p>\n\n\n<div class=\"woocommerce\"><div class=\"woocommerce-notices-wrapper\"><\/div>\n\n\t\t<h2>Login<\/h2>\n\n\t\t<form class=\"woocommerce-form woocommerce-form-login login\" method=\"post\" novalidate>\n\n\t\t\t\n\t\t\t<p class=\"woocommerce-form-row woocommerce-form-row--wide form-row form-row-wide\">\n\t\t\t\t<label for=\"username\">Username or email address&nbsp;<span class=\"required\" aria-hidden=\"true\">*<\/span><span class=\"screen-reader-text\">Required<\/span><\/label>\n\t\t\t\t<input type=\"text\" class=\"woocommerce-Input woocommerce-Input--text input-text\" name=\"username\" id=\"username\" autocomplete=\"username\" value=\"\" required aria-required=\"true\" \/>\t\t\t<\/p>\n\t\t\t<p class=\"woocommerce-form-row woocommerce-form-row--wide form-row form-row-wide\">\n\t\t\t\t<label for=\"password\">Password&nbsp;<span class=\"required\" aria-hidden=\"true\">*<\/span><span class=\"screen-reader-text\">Required<\/span><\/label>\n\t\t\t\t<input class=\"woocommerce-Input woocommerce-Input--text input-text\" type=\"password\" name=\"password\" id=\"password\" autocomplete=\"current-password\" required aria-required=\"true\" \/>\n\t\t\t<\/p>\n\n\t\t\t\n\t\t\t<p class=\"form-row\">\n\t\t\t\t<label class=\"woocommerce-form__label woocommerce-form__label-for-checkbox woocommerce-form-login__rememberme\">\n\t\t\t\t\t<input class=\"woocommerce-form__input woocommerce-form__input-checkbox\" name=\"rememberme\" type=\"checkbox\" id=\"rememberme\" value=\"forever\" \/> <span>Remember me<\/span>\n\t\t\t\t<\/label>\n\t\t\t\t<input type=\"hidden\" id=\"woocommerce-login-nonce\" name=\"woocommerce-login-nonce\" value=\"014870d0ee\" \/><input type=\"hidden\" name=\"_wp_http_referer\" value=\"\/index.php?rest_route=%2Fwp%2Fv2%2Fpages%2F11\" \/>\t\t\t\t<button type=\"submit\" class=\"woocommerce-button button woocommerce-form-login__submit\" name=\"login\" value=\"Log in\">Log in<\/button>\n\t\t\t<\/p>\n\t\t\t<p class=\"woocommerce-LostPassword lost_password\">\n\t\t\t\t<a href=\"https:\/\/exphairlegend.fr\/?page_id=11&#038;lost-password\">Lost your password?<\/a>\n\t\t\t<\/p>\n\n\t\t\t\n\t\t<\/form>\n\n\n<\/div>\n","protected":false},"excerpt":{"rendered":"","protected":false},"author":1,"featured_media":0,"parent":0,"menu_order":0,"comment_status":"closed","ping_status":"closed","template":"","meta":{"footnotes":""},"class_list":["post-11","page","type-page","status-publish","hentry"],"yoast_head":"<!-- This site is optimized with the Yoast SEO plugin v26.1.1 - https:\/\/yoast.com\/wordpress\/plugins\/seo\/ -->\n<title>Mon Compte - Exphair Legend<\/title>\n<meta name=\"robots\" content=\"index, follow, max-snippet:-1, max-image-preview:large, max-video-preview:-1\" \/>\n<link rel=\"canonical\" href=\"https:\/\/exphairlegend.fr\/?page_id=11\" \/>\n<meta property=\"og:locale\" content=\"en_US\" \/>\n<meta property=\"og:type\" content=\"article\" \/>\n<meta property=\"og:title\" content=\"Mon Compte - Exphair Legend\" \/>\n<meta property=\"og:url\" content=\"https:\/\/exphairlegend.fr\/?page_id=11\" \/>\n<meta property=\"og:site_name\" content=\"Exphair Legend\" \/>\n<meta property=\"article:modified_time\" content=\"2025-10-25T13:08:21+00:00\" \/>\n<meta name=\"twitter:card\" content=\"summary_large_image\" \/>\n<meta name=\"twitter:label1\" content=\"Est. reading time\" \/>\n\t<meta name=\"twitter:data1\" content=\"1 minute\" \/>\n<script type=\"application\/ld+json\" class=\"yoast-schema-graph\">{\"@context\":\"https:\/\/schema.org\",\"@graph\":[{\"@type\":\"WebPage\",\"@id\":\"https:\/\/exphairlegend.fr\/?page_id=11\",\"url\":\"https:\/\/exphairlegend.fr\/?page_id=11\",\"name\":\"Mon Compte - Exphair Legend\",\"isPartOf\":{\"@id\":\"https:\/\/exphairlegend.fr\/#website\"},\"datePublished\":\"2022-10-19T13:28:38+00:00\",\"dateModified\":\"2025-10-25T13:08:21+00:00\",\"breadcrumb\":{\"@id\":\"https:\/\/exphairlegend.fr\/?page_id=11#breadcrumb\"},\"inLanguage\":\"en-US\",\"potentialAction\":[{\"@type\":\"ReadAction\",\"target\":[\"https:\/\/exphairlegend.fr\/?page_id=11\"]}]},{\"@type\":\"BreadcrumbList\",\"@id\":\"https:\/\/exphairlegend.fr\/?page_id=11#breadcrumb\",\"itemListElement\":[{\"@type\":\"ListItem\",\"position\":1,\"name\":\"Home\",\"item\":\"https:\/\/exphairlegend.fr\/\"},{\"@type\":\"ListItem\",\"position\":2,\"name\":\"Mon Compte\"}]},{\"@type\":\"WebSite\",\"@id\":\"https:\/\/exphairlegend.fr\/#website\",\"url\":\"https:\/\/exphairlegend.fr\/\",\"name\":\"Exphair Legend\",\"description\":\"Chez Exphair Legend, nous red\u00e9finissons l\u2019exp\u00e9rience masculine. Situ\u00e9 \u00e0 Orange et La Ciotat, notre barbershop haut de gamme vous offre des coupes de cheveux et tailles de barbe sur mesure, r\u00e9alis\u00e9es par des barbiers experts qui ma\u00eetrisent parfaitement chaque d\u00e9tail.  D\u00e9couvrez notre marque de cosm\u00e9tiques pour hommes, Elegance, pens\u00e9e pour sublimer votre peau et votre barbe avec des produits de qualit\u00e9 professionnelle. Compl\u00e9tez votre style avec notre collection Lifestyle de v\u00eatements pour hommes, alliant modernit\u00e9, confort et \u00e9l\u00e9gance.  Que vous souhaitiez un look tendance, des soins de barbe pr\u00e9cis ou des produits cosm\u00e9tiques haut de gamme, Exphair Legend est votre r\u00e9f\u00e9rence. Prenez rendez-vous d\u00e8s aujourd\u2019hui ou explorez nos produits Elegance et Lifestyle pour un style masculin affirm\u00e9 et unique.\",\"publisher\":{\"@id\":\"https:\/\/exphairlegend.fr\/#organization\"},\"potentialAction\":[{\"@type\":\"SearchAction\",\"target\":{\"@type\":\"EntryPoint\",\"urlTemplate\":\"https:\/\/exphairlegend.fr\/?s={search_term_string}\"},\"query-input\":{\"@type\":\"PropertyValueSpecification\",\"valueRequired\":true,\"valueName\":\"search_term_string\"}}],\"inLanguage\":\"en-US\"},{\"@type\":\"Organization\",\"@id\":\"https:\/\/exphairlegend.fr\/#organization\",\"name\":\"Exphair Legend\",\"url\":\"https:\/\/exphairlegend.fr\/\",\"logo\":{\"@type\":\"ImageObject\",\"inLanguage\":\"en-US\",\"@id\":\"https:\/\/exphairlegend.fr\/#\/schema\/logo\/image\/\",\"url\":\"https:\/\/exphairlegend.fr\/wp-content\/uploads\/2022\/10\/ChatGPT-Image-14-oct.-2025-a-10_14_00.png\",\"contentUrl\":\"https:\/\/exphairlegend.fr\/wp-content\/uploads\/2022\/10\/ChatGPT-Image-14-oct.-2025-a-10_14_00.png\",\"width\":1024,\"height\":1024,\"caption\":\"Exphair Legend\"},\"image\":{\"@id\":\"https:\/\/exphairlegend.fr\/#\/schema\/logo\/image\/\"}}]}<\/script>\n<!-- \/ Yoast SEO plugin. -->","yoast_head_json":{"title":"Mon Compte - Exphair Legend","robots":{"index":"index","follow":"follow","max-snippet":"max-snippet:-1","max-image-preview":"max-image-preview:large","max-video-preview":"max-video-preview:-1"},"canonical":"https:\/\/exphairlegend.fr\/?page_id=11","og_locale":"en_US","og_type":"article","og_title":"Mon Compte - Exphair Legend","og_url":"https:\/\/exphairlegend.fr\/?page_id=11","og_site_name":"Exphair Legend","article_modified_time":"2025-10-25T13:08:21+00:00","twitter_card":"summary_large_image","twitter_misc":{"Est. reading time":"1 minute"},"schema":{"@context":"https:\/\/schema.org","@graph":[{"@type":"WebPage","@id":"https:\/\/exphairlegend.fr\/?page_id=11","url":"https:\/\/exphairlegend.fr\/?page_id=11","name":"Mon Compte - Exphair Legend","isPartOf":{"@id":"https:\/\/exphairlegend.fr\/#website"},"datePublished":"2022-10-19T13:28:38+00:00","dateModified":"2025-10-25T13:08:21+00:00","breadcrumb":{"@id":"https:\/\/exphairlegend.fr\/?page_id=11#breadcrumb"},"inLanguage":"en-US","potentialAction":[{"@type":"ReadAction","target":["https:\/\/exphairlegend.fr\/?page_id=11"]}]},{"@type":"BreadcrumbList","@id":"https:\/\/exphairlegend.fr\/?page_id=11#breadcrumb","itemListElement":[{"@type":"ListItem","position":1,"name":"Home","item":"https:\/\/exphairlegend.fr\/"},{"@type":"ListItem","position":2,"name":"Mon Compte"}]},{"@type":"WebSite","@id":"https:\/\/exphairlegend.fr\/#website","url":"https:\/\/exphairlegend.fr\/","name":"Exphair Legend","description":"Chez Exphair Legend, nous red\u00e9finissons l\u2019exp\u00e9rience masculine. Situ\u00e9 \u00e0 Orange et La Ciotat, notre barbershop haut de gamme vous offre des coupes de cheveux et tailles de barbe sur mesure, r\u00e9alis\u00e9es par des barbiers experts qui ma\u00eetrisent parfaitement chaque d\u00e9tail.  D\u00e9couvrez notre marque de cosm\u00e9tiques pour hommes, Elegance, pens\u00e9e pour sublimer votre peau et votre barbe avec des produits de qualit\u00e9 professionnelle. Compl\u00e9tez votre style avec notre collection Lifestyle de v\u00eatements pour hommes, alliant modernit\u00e9, confort et \u00e9l\u00e9gance.  Que vous souhaitiez un look tendance, des soins de barbe pr\u00e9cis ou des produits cosm\u00e9tiques haut de gamme, Exphair Legend est votre r\u00e9f\u00e9rence. Prenez rendez-vous d\u00e8s aujourd\u2019hui ou explorez nos produits Elegance et Lifestyle pour un style masculin affirm\u00e9 et unique.","publisher":{"@id":"https:\/\/exphairlegend.fr\/#organization"},"potentialAction":[{"@type":"SearchAction","target":{"@type":"EntryPoint","urlTemplate":"https:\/\/exphairlegend.fr\/?s={search_term_string}"},"query-input":{"@type":"PropertyValueSpecification","valueRequired":true,"valueName":"search_term_string"}}],"inLanguage":"en-US"},{"@type":"Organization","@id":"https:\/\/exphairlegend.fr\/#organization","name":"Exphair Legend","url":"https:\/\/exphairlegend.fr\/","logo":{"@type":"ImageObject","inLanguage":"en-US","@id":"https:\/\/exphairlegend.fr\/#\/schema\/logo\/image\/","url":"https:\/\/exphairlegend.fr\/wp-content\/uploads\/2022\/10\/ChatGPT-Image-14-oct.-2025-a-10_14_00.png","contentUrl":"https:\/\/exphairlegend.fr\/wp-content\/uploads\/2022\/10\/ChatGPT-Image-14-oct.-2025-a-10_14_00.png","width":1024,"height":1024,"caption":"Exphair Legend"},"image":{"@id":"https:\/\/exphairlegend.fr\/#\/schema\/logo\/image\/"}}]}},"jetpack_sharing_enabled":true,"_links":{"self":[{"href":"https:\/\/exphairlegend.fr\/index.php?rest_route=\/wp\/v2\/pages\/11","targetHints":{"allow":["GET"]}}],"collection":[{"href":"https:\/\/exphairlegend.fr\/index.php?rest_route=\/wp\/v2\/pages"}],"about":[{"href":"https:\/\/exphairlegend.fr\/index.php?rest_route=\/wp\/v2\/types\/page"}],"author":[{"embeddable":true,"href":"https:\/\/exphairlegend.fr\/index.php?rest_route=\/wp\/v2\/users\/1"}],"replies":[{"embeddable":true,"href":"https:\/\/exphairlegend.fr\/index.php?rest_route=%2Fwp%2Fv2%2Fcomments&post=11"}],"version-history":[{"count":2,"href":"https:\/\/exphairlegend.fr\/index.php?rest_route=\/wp\/v2\/pages\/11\/revisions"}],"predecessor-version":[{"id":764,"href":"https:\/\/exphairlegend.fr\/index.php?rest_route=\/wp\/v2\/pages\/11\/revisions\/764"}],"wp:attachment":[{"href":"https:\/\/exphairlegend.fr\/index.php?rest_route=%2Fwp%2Fv2%2Fmedia&parent=11"}],"curies":[{"name":"wp","href":"https:\/\/api.w.org\/{rel}","templated":true}]}}